{"id":6294,"date":"2023-01-27T07:02:40","date_gmt":"2023-01-27T10:02:40","guid":{"rendered":"https:\/\/danielpaz.com.ar\/blog\/?page_id=6294"},"modified":"2025-02-12T14:44:08","modified_gmt":"2025-02-12T17:44:08","slug":"dibujo-personalizado","status":"publish","type":"page","link":"https:\/\/danielpaz.com.ar\/blog\/dibujo-personalizado\/","title":{"rendered":"Dibujo personalizado"},"content":{"rendered":"\n<figure class=\"wp-block-image size-full\"><img loading=\"lazy\" decoding=\"async\" width=\"850\" height=\"389\" src=\"https:\/\/danielpaz.com.ar\/blog\/wp-content\/uploads\/2023\/02\/dibujo-personalizado-2.jpg\" alt=\"\" class=\"wp-image-6327\" srcset=\"https:\/\/danielpaz.com.ar\/blog\/wp-content\/uploads\/2023\/02\/dibujo-personalizado-2.jpg 850w, https:\/\/danielpaz.com.ar\/blog\/wp-content\/uploads\/2023\/02\/dibujo-personalizado-2-800x366.jpg 800w, https:\/\/danielpaz.com.ar\/blog\/wp-content\/uploads\/2023\/02\/dibujo-personalizado-2-768x351.jpg 768w, https:\/\/danielpaz.com.ar\/blog\/wp-content\/uploads\/2023\/02\/dibujo-personalizado-2-624x286.jpg 624w\" sizes=\"auto, (max-width: 850px) 100vw, 850px\" \/><\/figure>\n\n\n\n<p>Hago un dibujo original pensado especialmente para vos, para regalar a otra persona, para tu casa o lugar de trabajo.<\/p>\n\n\n\n<p>Escribime y contame qu\u00e9 est\u00e1s buscando. Si es para regalar a alguien especial,  contame tus sentimientos y el mensaje que dese\u00e1s trasnsmitir a trav\u00e9s del dibujo.<\/p>\n\n\n\n<p>\u00bfQu\u00e9 es lo que recib\u00eds al final del proceso?. <strong>Una impresi\u00f3n<\/strong> de alta calidad, a color, en papel ilustraci\u00f3n de 300 gramos, tama\u00f1o A3.<br>El precio base: <strong>$ 190.000-<\/strong><\/p>\n\n\n\n<p>A trav\u00e9s de este formulario pod\u00e9s contarme qu\u00e9 ten\u00e9s en mente.<\/p>\n\n\n<p><div class=\"forminator-ui forminator-custom-form forminator-custom-form-6318 forminator-design--bold  forminator_ajax\" data-forminator-render=\"0\" data-form=\"forminator-module-6318\" data-uid=\"69f3e05dc60c8\"><br\/><\/div><form\n\t\t\t\tid=\"forminator-module-6318\"\n\t\t\t\tclass=\"forminator-ui forminator-custom-form forminator-custom-form-6318 forminator-design--bold  forminator_ajax\"\n\t\t\t\tmethod=\"post\"\n\t\t\t\tdata-forminator-render=\"0\"\n\t\t\t\tdata-form-id=\"6318\"\n\t\t\t\tenctype=\"multipart\/form-data\" data-color-option=\"default\" data-design=\"bold\" data-grid=\"open\" style=\"display: none;\"\n\t\t\t\tdata-uid=\"69f3e05dc60c8\"\n\t\t\t><div role=\"alert\" aria-live=\"polite\" class=\"forminator-response-message forminator-error\" aria-hidden=\"true\"><\/div><div class=\"forminator-row\"><div id=\"name-1\" class=\"forminator-field-name forminator-col forminator-col-12 \"><div class=\"forminator-field\"><label for=\"forminator-field-name-1_69f3e05dc60c8\" id=\"forminator-field-name-1_69f3e05dc60c8-label\" class=\"forminator-label\">Tu nombre <span class=\"forminator-required\">*<\/span><\/label><input type=\"text\" name=\"name-1\" value=\"\" placeholder=\"Ejemplo: Juana P\u00e9rez\" id=\"forminator-field-name-1_69f3e05dc60c8\" class=\"forminator-input forminator-name--field\" aria-required=\"true\" autocomplete=\"name\" \/><\/div><\/div><\/div><div class=\"forminator-row\"><div id=\"email-1\" class=\"forminator-field-email forminator-col forminator-col-12 \"><div class=\"forminator-field\"><label for=\"forminator-field-email-1_69f3e05dc60c8\" id=\"forminator-field-email-1_69f3e05dc60c8-label\" class=\"forminator-label\">Tu correo electr\u00f3nico <span class=\"forminator-required\">*<\/span><\/label><input type=\"email\" name=\"email-1\" value=\"\" placeholder=\"Ej . : juana@gemail.com\" id=\"forminator-field-email-1_69f3e05dc60c8\" class=\"forminator-input forminator-email--field\" data-required=\"1\" aria-required=\"true\" autocomplete=\"email\" \/><\/div><\/div><\/div><div class=\"forminator-row\"><div id=\"phone-1\" class=\"forminator-field-phone forminator-col forminator-col-12 \"><div class=\"forminator-field\"><label for=\"forminator-field-phone-1_69f3e05dc60c8\" id=\"forminator-field-phone-1_69f3e05dc60c8-label\" class=\"forminator-label\">Tu tel\u00e9fono <span class=\"forminator-required\">*<\/span><\/label><input type=\"text\" name=\"phone-1\" value=\"\" placeholder=\"Ejemplo: +11 3322 5000\" id=\"forminator-field-phone-1_69f3e05dc60c8\" class=\"forminator-input forminator-field--phone\" data-required=\"1\" aria-required=\"true\" autocomplete=\"off\" \/><\/div><\/div><\/div><div class=\"forminator-row\"><div id=\"textarea-1\" class=\"forminator-field-textarea forminator-col forminator-col-6 \"><div class=\"forminator-field\"><label for=\"forminator-field-textarea-1_69f3e05dc60c8\" id=\"forminator-field-textarea-1_69f3e05dc60c8-label\" class=\"forminator-label\">Mensaje<\/label><textarea name=\"textarea-1\" placeholder=\"Escribe aqu\u00ed tu mensaje\" id=\"forminator-field-textarea-1_69f3e05dc60c8\" class=\"forminator-textarea\" rows=\"6\" style=\"--forminator-textarea-min-height:140px;\" maxlength=\"200\" ><\/textarea><span id=\"forminator-field-textarea-1_69f3e05dc60c8-description\" class=\"forminator-description\"><span data-limit=\"200\" data-type=\"characters\" data-editor=\"\">0 \/ 200<\/span><\/span><\/div><\/div><div id=\"upload-1\" class=\"forminator-field-upload forminator-col forminator-col-6 \"><div class=\"forminator-field\"><label for=\"forminator-field-upload-1_69f3e05dc60c8\" id=\"forminator-field-upload-1_69f3e05dc60c8-label\" class=\"forminator-label\">Subir fotos<\/label><div class=\"forminator-multi-upload \" data-element=\"upload-1_69f3e05dc60c8\"><input type=\"file\" name=\"upload-1[]\" id=\"forminator-field-upload-1_69f3e05dc60c8\" class=\"forminator-input-file forminator-field-upload-1_69f3e05dc60c8-6318\" multiple=\"multiple\" data-method=\"ajax\" data-limit=\"5\" data-limit-message=\"Puedes subir un m\u00e1ximo de 5 archivos.\" data-size=\"5000000\" data-size-message=\"El tama\u00f1o m\u00e1ximo de archivo permitido es 5 MB. \"><div class=\"forminator-multi-upload-message\" aria-hidden=\"true\"><span class=\"forminator-icon-upload\" aria-hidden=\"true\"><\/span><p>Arrastrar y soltar (o) <a class=\"forminator-upload-file--forminator-field-upload-1_69f3e05dc60c8\" href=\"#\" onclick=\"return false;\">cambiar archivos<\/a><\/p><\/div><\/div><ul class=\"forminator-uploaded-files upload-container-upload-1_69f3e05dc60c8\"><\/ul><\/div><\/div><\/div><div class=\"forminator-row\"><div id=\"captcha-1\" class=\"forminator-field-captcha forminator-col forminator-col-12 \"><div class=\"forminator-captcha-left forminator-g-recaptcha recaptcha-invisible\" data-theme=\"light\" data-badge=\"inline\" data-sitekey=\"6LfErqsqAAAAAFK2_1sArIUd1WjMmIzcn16fsfC0\" data-size=\"invisible\"><\/div> <\/div><\/div><input type=\"hidden\" name=\"referer_url\" value=\"\" \/><div class=\"forminator-row forminator-row-last\"><div class=\"forminator-col\"><div class=\"forminator-field\"><button class=\"forminator-button forminator-button-submit\">Enviar<\/button><\/div><\/div><\/div><input type=\"hidden\" id=\"forminator_nonce\" name=\"forminator_nonce\" value=\"5502df1f5a\" \/><input type=\"hidden\" name=\"_wp_http_referer\" value=\"\/blog\/wp-json\/wp\/v2\/pages\/6294\" \/><input type=\"hidden\" name=\"form_id\" value=\"6318\"><input type=\"hidden\" name=\"page_id\" value=\"6294\"><input type=\"hidden\" name=\"form_type\" value=\"default\"><input type=\"hidden\" name=\"current_url\" value=\"https:\/\/danielpaz.com.ar\/blog\/dibujo-personalizado\/\"><input type=\"hidden\" name=\"render_id\" value=\"0\"><input type=\"hidden\" name=\"forminator-multifile-hidden\" class=\"forminator-multifile-hidden\"><input type=\"hidden\" name=\"action\" value=\"forminator_submit_form_custom-forms\"><\/form><\/p>\n","protected":false},"excerpt":{"rendered":"<p>Hago un dibujo original pensado especialmente para vos, para regalar a otra persona, para tu casa o lugar de trabajo. Escribime y contame qu\u00e9 est\u00e1s buscando. Si es para regalar a alguien especial, contame tus sentimientos y el mensaje que dese\u00e1s trasnsmitir a trav\u00e9s del dibujo. \u00bfQu\u00e9 es lo que recib\u00eds al final del proceso?. [&hellip;]<\/p>\n","protected":false},"author":2,"featured_media":0,"parent":0,"menu_order":0,"comment_status":"closed","ping_status":"closed","template":"","meta":{"footnotes":""},"class_list":["post-6294","page","type-page","status-publish","hentry"],"jetpack_sharing_enabled":true,"_links":{"self":[{"href":"https:\/\/danielpaz.com.ar\/blog\/wp-json\/wp\/v2\/pages\/6294","targetHints":{"allow":["GET"]}}],"collection":[{"href":"https:\/\/danielpaz.com.ar\/blog\/wp-json\/wp\/v2\/pages"}],"about":[{"href":"https:\/\/danielpaz.com.ar\/blog\/wp-json\/wp\/v2\/types\/page"}],"author":[{"embeddable":true,"href":"https:\/\/danielpaz.com.ar\/blog\/wp-json\/wp\/v2\/users\/2"}],"replies":[{"embeddable":true,"href":"https:\/\/danielpaz.com.ar\/blog\/wp-json\/wp\/v2\/comments?post=6294"}],"version-history":[{"count":27,"href":"https:\/\/danielpaz.com.ar\/blog\/wp-json\/wp\/v2\/pages\/6294\/revisions"}],"predecessor-version":[{"id":7271,"href":"https:\/\/danielpaz.com.ar\/blog\/wp-json\/wp\/v2\/pages\/6294\/revisions\/7271"}],"wp:attachment":[{"href":"https:\/\/danielpaz.com.ar\/blog\/wp-json\/wp\/v2\/media?parent=6294"}],"curies":[{"name":"wp","href":"https:\/\/api.w.org\/{rel}","templated":true}]}}