{"id":5978,"date":"2022-03-09T09:13:10","date_gmt":"2022-03-09T12:13:10","guid":{"rendered":"https:\/\/danielpaz.com.ar\/blog\/?page_id=5978"},"modified":"2026-03-28T20:05:14","modified_gmt":"2026-03-28T23:05:14","slug":"donaciones","status":"publish","type":"page","link":"https:\/\/danielpaz.com.ar\/blog\/donaciones\/","title":{"rendered":"Donaciones"},"content":{"rendered":"\n<ul class=\"wp-block-list\">\n<li>Si viv\u00eds en Argentina y quer\u00e9s apoyar mi trabajo, este es el alias de mi cuenta bancaria:<br><strong>el.nudo.infinito<\/strong><\/li>\n\n\n\n<li>Si viv\u00eds fuera de Argentina, pod\u00e9s ayudarme a trav\u00e9s de <strong>PayPal<\/strong>: danielpaz123@hotmail.com<\/li>\n<\/ul>\n\n\n\n\n\n<p><\/p>\n","protected":false},"excerpt":{"rendered":"","protected":false},"author":2,"featured_media":0,"parent":0,"menu_order":3,"comment_status":"closed","ping_status":"closed","template":"","meta":{"footnotes":""},"class_list":["post-5978","page","type-page","status-publish","hentry"],"jetpack_sharing_enabled":true,"_links":{"self":[{"href":"https:\/\/danielpaz.com.ar\/blog\/wp-json\/wp\/v2\/pages\/5978","targetHints":{"allow":["GET"]}}],"collection":[{"href":"https:\/\/danielpaz.com.ar\/blog\/wp-json\/wp\/v2\/pages"}],"about":[{"href":"https:\/\/danielpaz.com.ar\/blog\/wp-json\/wp\/v2\/types\/page"}],"author":[{"embeddable":true,"href":"https:\/\/danielpaz.com.ar\/blog\/wp-json\/wp\/v2\/users\/2"}],"replies":[{"embeddable":true,"href":"https:\/\/danielpaz.com.ar\/blog\/wp-json\/wp\/v2\/comments?post=5978"}],"version-history":[{"count":29,"href":"https:\/\/danielpaz.com.ar\/blog\/wp-json\/wp\/v2\/pages\/5978\/revisions"}],"predecessor-version":[{"id":7541,"href":"https:\/\/danielpaz.com.ar\/blog\/wp-json\/wp\/v2\/pages\/5978\/revisions\/7541"}],"wp:attachment":[{"href":"https:\/\/danielpaz.com.ar\/blog\/wp-json\/wp\/v2\/media?parent=5978"}],"curies":[{"name":"wp","href":"https:\/\/api.w.org\/{rel}","templated":true}]}}