{"id":2,"date":"2009-09-04T09:26:56","date_gmt":"2009-09-04T12:26:56","guid":{"rendered":"http:\/\/danielpaz.com.ar\/blog\/?page_id=2"},"modified":"2025-12-22T18:18:41","modified_gmt":"2025-12-22T21:18:41","slug":"acerca-de","status":"publish","type":"page","link":"https:\/\/danielpaz.com.ar\/blog\/acerca-de\/","title":{"rendered":"Sobre el autor"},"content":{"rendered":"\n<figure class=\"wp-block-image size-full\"><img loading=\"lazy\" decoding=\"async\" width=\"850\" height=\"404\" src=\"https:\/\/danielpaz.com.ar\/blog\/wp-content\/uploads\/2023\/03\/paz.jpg\" alt=\"\" class=\"wp-image-6428\" srcset=\"https:\/\/danielpaz.com.ar\/blog\/wp-content\/uploads\/2023\/03\/paz.jpg 850w, https:\/\/danielpaz.com.ar\/blog\/wp-content\/uploads\/2023\/03\/paz-800x380.jpg 800w, https:\/\/danielpaz.com.ar\/blog\/wp-content\/uploads\/2023\/03\/paz-768x365.jpg 768w, https:\/\/danielpaz.com.ar\/blog\/wp-content\/uploads\/2023\/03\/paz-624x297.jpg 624w\" sizes=\"auto, (max-width: 850px) 100vw, 850px\" \/><\/figure>\n\n\n<h3>Versi\u00f3n corta<\/h3>\n<p>Daniel Paz es un dibujante argentino, hijo del Cielo y de la Tierra.<br \/>No hace chistes.<\/p>\n<h3>Versi\u00f3n larga<\/h3>\n<p>Daniel Paz naci\u00f3 en la ciudad de Buenos Aires. Termin\u00f3 el secundario en el Colegio Nacional de Buenos Aires y empez\u00f3 Medicina en la UBA.<br \/>En 5\u00ba grado de la primaria hac\u00eda una revista con dibujos sobre los personajes de la escuela.<\/p>\n<p>La generaci\u00f3n de humoristas argentinos surgida a comienzos de los \u00b470, alrededor de las revistas Hortensia y Satiric\u00f3n tuvo una gran influencia en su formaci\u00f3n. Tambi\u00e9n recibi\u00f3 la influencia de Landr\u00fa, Lino Palacios-Flax, el norteamericano Chuck Jones y el mexicano Rius. Tom\u00f3 clases de dibujo con Hermenegildo S\u00e1bat y Cilencio.<\/p>\n<p>En 1975 empez\u00f3 a publicar profesionalmente en la revista Juventud. Luego en 1980, en la revista Tal Cual.<br \/>Al a\u00f1o siguiente empez\u00f3 a colaborar regularmente en la revista Humor, y otras publicaciones de Ediciones de La Urraca, como Superhumor y El Periodista de Bs.As.. All\u00ed consolid\u00f3 su estilo de un s\u00f3lo cuadro, en el que aparecen personajes de la actualidad. Este formato desarrollado por Daniel Paz, que reconoce la influencia directa de Flax, Landr\u00fa y Fontanarrosa, se convirti\u00f3 en un est\u00e1ndar dentro del humor gr\u00e1fico de actualidad.<br \/>Tras el retorno de la Argentina a la democracia fue convocado en 1985 por Jacobo Timmerman para hacer una tira diaria en el entonces matutino La Raz\u00f3n. Tambi\u00e9n en esa \u00e9poca entr\u00f3 al peri\u00f3dico Acci\u00f3n.<\/p>\n<p>En 1987 empez\u00f3 a hacer la vi\u00f1eta de la esquina superior izquierda del diario P\u00e1gina\/12, con la colaboraci\u00f3n de Rudy.<br \/>En 1992, para explorar fuera del terreno de la actualidad pol\u00edtica, empez\u00f3 a publicar la serie <strong>F.M\u00e9rides Truchas<\/strong>. Ese a\u00f1o public\u00f3 el libro \u00abChistes de argentinos\u00bb.<br \/>En 1994 empez\u00f3 a publicar la serie <strong>Oh, my God<\/strong>, inspirada en textos b\u00edblicos.<br \/>En 1998 puso humor en los quince vol\u00famenes de \u00abUna historia argentina\u00bb, con relatos de Graciela Montes.<br \/>Tambi\u00e9n hizo la serie <strong>Zoociolog\u00eda<\/strong> y, desde 1999, la tira <strong>Andy &amp; Sidharta<\/strong> y humor sobre temas universitarios.<\/p>\n<p>En octubre de 1999 empez\u00f3 a incursionar en el arte digital y la animaci\u00f3n. Ese a\u00f1o inaugur\u00f3 su sitio web danielpaz.com.ar, el primero de un humorista argentino, por el cual recibi\u00f3 el premio Mate.ar.<\/p>\n<p>En televisi\u00f3n, colabor\u00f3 con los guiones televisivos de Tato Bores (1990-1992) y del programa Canal K (1991).<\/p>\n<p>En 2003 su CD de las <strong>F.M\u00e9rides Truchas<\/strong> gan\u00f3 el primer premio del concurso de dise\u00f1o interactivo Buenos Aires 2003 en la categor\u00eda CD interactivo. En el mismo concurso, su animaci\u00f3n \u00abCuatro estaciones\u00bb gan\u00f3 el segundo premio en la categor\u00eda animaci\u00f3n.<\/p>\n<p>En 2004 hizo el mural <a href=\"http:\/\/www.danielpaz.com.ar\/mural.htm\" target=\"_blank\" rel=\"noopener noreferrer\"><strong>Denle una oportunidad a la paz<\/strong><\/a> en la esquina de Juramento y Av.Cabildo (ciudad de Buenos Aires). Ese mismo a\u00f1o recibi\u00f3 el Premio Herald 2004.<\/p>\n<p>En 2005 empez\u00f3 a ilustrar las tapas del suplemento Futuro del matutino P\u00e1gina\/12.<\/p>\n<p>En 2006 cur\u00f3 la muestra de \u00abEl humor en los cuarenta\u00bb.<\/p>\n<p>En 2008 Ediciones de la Flor public\u00f3 su libro \u00abF.M\u00e9rides Truchas 1\u00bb.<\/p>\n<p>En 2010 particip\u00f3 de la muestra \u00abNos toc\u00f3 hacer re\u00edr\u00bb en la Feria de Frankfurt.<\/p>\n<p>En 2013 recibi\u00f3 el Premio UBA a la difusi\u00f3n de contenidos educativos, otorgado por la Universidad de Buenos Aires.<\/p>\n<p>En 2015 dio por terminada la serie F.M\u00e9rides Truchas y comenz\u00f3 a dibujar\u00a0<strong>El nudo infinito.<br \/><\/strong>En junio de ese a\u00f1o hizo un mural en la estaci\u00f3n Pasteur de la l\u00ednea B de subterr\u00e1neos de Buenos Aires, en memoria de las v\u00edctimas del atentado a la AMIA.<\/p>\n<p>En 2016 cur\u00f3 la muestra de \u00abH50 -Cincuenta a\u00f1os de humor en Acci\u00f3n\u00bb.<\/p>\n<p>En 2017 dio un taller \u00abEl humor sobre temas cient\u00edficos\u00bb en el Centro Cultural de la Ciencia.<\/p>\n<p>En 2018 empez\u00f3 a publicar \u00abEl diccionario ilustrado del neoliberalismo\u00bb en el peri\u00f3dico Acci\u00f3n.<\/p>\n<p>En 2020 empez\u00f3 a publicar \u00abEl Diario de la Cuarentena\u00bb en el matutino P\u00e1gina\/12.<\/p>\n<p>En 2022 recibi\u00f3 la Menci\u00f3n Honor\u00edfica que otorga la Universidad Nacional de Quilmes.<\/p>\n<p>En 2025 recibi\u00f3 el Premio a la Trayectoria que otorga la Escuela de Dibujo Claudio Kappel-<\/p>\n\n\n\n\n\n","protected":false},"excerpt":{"rendered":"<p>Versi\u00f3n corta Daniel Paz es un dibujante argentino, hijo del Cielo y de la Tierra.No hace chistes. Versi\u00f3n larga Daniel Paz naci\u00f3 en la ciudad de Buenos Aires. Termin\u00f3 el secundario en el Colegio Nacional de Buenos Aires y empez\u00f3 Medicina en la UBA.En 5\u00ba grado de la primaria hac\u00eda una revista con dibujos sobre [&hellip;]<\/p>\n","protected":false},"author":1,"featured_media":0,"parent":0,"menu_order":2,"comment_status":"closed","ping_status":"open","template":"","meta":{"footnotes":""},"class_list":["post-2","page","type-page","status-publish","hentry"],"jetpack_sharing_enabled":true,"_links":{"self":[{"href":"https:\/\/danielpaz.com.ar\/blog\/wp-json\/wp\/v2\/pages\/2","targetHints":{"allow":["GET"]}}],"collection":[{"href":"https:\/\/danielpaz.com.ar\/blog\/wp-json\/wp\/v2\/pages"}],"about":[{"href":"https:\/\/danielpaz.com.ar\/blog\/wp-json\/wp\/v2\/types\/page"}],"author":[{"embeddable":true,"href":"https:\/\/danielpaz.com.ar\/blog\/wp-json\/wp\/v2\/users\/1"}],"replies":[{"embeddable":true,"href":"https:\/\/danielpaz.com.ar\/blog\/wp-json\/wp\/v2\/comments?post=2"}],"version-history":[{"count":34,"href":"https:\/\/danielpaz.com.ar\/blog\/wp-json\/wp\/v2\/pages\/2\/revisions"}],"predecessor-version":[{"id":7488,"href":"https:\/\/danielpaz.com.ar\/blog\/wp-json\/wp\/v2\/pages\/2\/revisions\/7488"}],"wp:attachment":[{"href":"https:\/\/danielpaz.com.ar\/blog\/wp-json\/wp\/v2\/media?parent=2"}],"curies":[{"name":"wp","href":"https:\/\/api.w.org\/{rel}","templated":true}]}}