{"id":1072,"date":"2012-02-07T08:53:29","date_gmt":"2012-02-07T11:53:29","guid":{"rendered":"http:\/\/danielpaz.com.ar\/blog\/?page_id=1072"},"modified":"2022-03-09T09:16:12","modified_gmt":"2022-03-09T12:16:12","slug":"importante","status":"publish","type":"page","link":"https:\/\/danielpaz.com.ar\/blog\/importante\/","title":{"rendered":"No se puede"},"content":{"rendered":"<p>-Los trabajos aqu\u00ed publicados no son un bien p\u00fablico.<br \/>\n-No se pueden modificar en ning\u00fan aspecto, ni en su forma ni en su contenido.<br \/>\n-Tampoco se pueden vender o usar con fines comerciales y\/o pol\u00edticos sin autorizaci\u00f3n del autor.<br \/>\n-Si quer\u00e9s reproducirlos en las redes sociales -siempre sin fines de lucro-, pod\u00e9s hacerlo indicando qui\u00e9n es el autor-<\/p>\n","protected":false},"excerpt":{"rendered":"<p>-Los trabajos aqu\u00ed publicados no son un bien p\u00fablico. -No se pueden modificar en ning\u00fan aspecto, ni en su forma ni en su contenido. -Tampoco se pueden vender o usar con fines comerciales y\/o pol\u00edticos sin autorizaci\u00f3n del autor. -Si quer\u00e9s reproducirlos en las redes sociales -siempre sin fines de lucro-, pod\u00e9s hacerlo indicando qui\u00e9n [&hellip;]<\/p>\n","protected":false},"author":2,"featured_media":0,"parent":0,"menu_order":4,"comment_status":"closed","ping_status":"open","template":"","meta":{"footnotes":""},"class_list":["post-1072","page","type-page","status-publish","hentry"],"jetpack_sharing_enabled":false,"_links":{"self":[{"href":"https:\/\/danielpaz.com.ar\/blog\/wp-json\/wp\/v2\/pages\/1072","targetHints":{"allow":["GET"]}}],"collection":[{"href":"https:\/\/danielpaz.com.ar\/blog\/wp-json\/wp\/v2\/pages"}],"about":[{"href":"https:\/\/danielpaz.com.ar\/blog\/wp-json\/wp\/v2\/types\/page"}],"author":[{"embeddable":true,"href":"https:\/\/danielpaz.com.ar\/blog\/wp-json\/wp\/v2\/users\/2"}],"replies":[{"embeddable":true,"href":"https:\/\/danielpaz.com.ar\/blog\/wp-json\/wp\/v2\/comments?post=1072"}],"version-history":[{"count":13,"href":"https:\/\/danielpaz.com.ar\/blog\/wp-json\/wp\/v2\/pages\/1072\/revisions"}],"predecessor-version":[{"id":5981,"href":"https:\/\/danielpaz.com.ar\/blog\/wp-json\/wp\/v2\/pages\/1072\/revisions\/5981"}],"wp:attachment":[{"href":"https:\/\/danielpaz.com.ar\/blog\/wp-json\/wp\/v2\/media?parent=1072"}],"curies":[{"name":"wp","href":"https:\/\/api.w.org\/{rel}","templated":true}]}}